{"id":9954,"date":"2023-11-08T19:54:04","date_gmt":"2023-11-08T17:54:04","guid":{"rendered":"https:\/\/rsr.ut.ee\/?page_id=9954"},"modified":"2025-10-14T19:36:35","modified_gmt":"2025-10-14T16:36:35","slug":"aasta-valispoliitika-kirjutaja-auhind","status":"publish","type":"page","link":"https:\/\/rsr.ut.ee\/en\/arhiiv\/aasta-valispoliitika-kirjutaja-auhind\/","title":{"rendered":"Aasta v\u00e4lispoliitika kirjutaja auhind"},"content":{"rendered":"<div data-elementor-type=\"wp-page\" data-elementor-id=\"9954\" class=\"elementor elementor-9954\" data-elementor-post-type=\"page\">\n\t\t\t\t\t\t<section class=\"elementor-section elementor-top-section elementor-element elementor-element-44efaa6 elementor-section-full_width elementor-section-height-default elementor-section-height-default\" data-id=\"44efaa6\" data-element_type=\"section\" data-e-type=\"section\" data-settings=\"{&quot;background_background&quot;:&quot;classic&quot;}\">\n\t\t\t\t\t\t<div class=\"elementor-container elementor-column-gap-no\">\n\t\t\t\t\t<div class=\"elementor-column elementor-col-100 elementor-top-column elementor-element elementor-element-3810b74\" data-id=\"3810b74\" data-element_type=\"column\" data-e-type=\"column\">\n\t\t\t<div class=\"elementor-widget-wrap elementor-element-populated\">\n\t\t\t\t\t\t<div class=\"elementor-element elementor-element-ab4a934 elementor-widget elementor-widget-spacer\" data-id=\"ab4a934\" data-element_type=\"widget\" data-e-type=\"widget\" data-widget_type=\"spacer.default\">\n\t\t\t\t<div class=\"elementor-widget-container\">\n\t\t\t\t\t\t\t<div class=\"elementor-spacer\">\n\t\t\t<div class=\"elementor-spacer-inner\"><\/div>\n\t\t<\/div>\n\t\t\t\t\t\t<\/div>\n\t\t\t\t<\/div>\n\t\t\t\t<div class=\"elementor-element elementor-element-163892c elementor-hidden-mobile elementor-widget elementor-widget-heading\" data-id=\"163892c\" data-element_type=\"widget\" data-e-type=\"widget\" data-widget_type=\"heading.default\">\n\t\t\t\t<div class=\"elementor-widget-container\">\n\t\t\t\t\t<h1 class=\"elementor-heading-title elementor-size-default\">Aasta v\u00e4lispoliitika kirjutaja auhind<\/h1>\t\t\t\t<\/div>\n\t\t\t\t<\/div>\n\t\t\t\t<div class=\"elementor-element elementor-element-3f973f6 elementor-widget elementor-widget-spacer\" data-id=\"3f973f6\" data-element_type=\"widget\" data-e-type=\"widget\" data-widget_type=\"spacer.default\">\n\t\t\t\t<div class=\"elementor-widget-container\">\n\t\t\t\t\t\t\t<div class=\"elementor-spacer\">\n\t\t\t<div class=\"elementor-spacer-inner\"><\/div>\n\t\t<\/div>\n\t\t\t\t\t\t<\/div>\n\t\t\t\t<\/div>\n\t\t\t\t<div class=\"elementor-element elementor-element-33b0f21 elementor-hidden-desktop elementor-hidden-tablet elementor-widget elementor-widget-heading\" data-id=\"33b0f21\" data-element_type=\"widget\" data-e-type=\"widget\" data-widget_type=\"heading.default\">\n\t\t\t\t<div class=\"elementor-widget-container\">\n\t\t\t\t\t<h2 class=\"elementor-heading-title elementor-size-default\">Aasta v\u00e4lispoliitika kirjutaja auhind<\/h2>\t\t\t\t<\/div>\n\t\t\t\t<\/div>\n\t\t\t\t<div class=\"elementor-element elementor-element-09ba778 elementor-widget elementor-widget-heading\" data-id=\"09ba778\" data-element_type=\"widget\" data-e-type=\"widget\" data-widget_type=\"heading.default\">\n\t\t\t\t<div class=\"elementor-widget-container\">\n\t\t\t\t\t<h2 class=\"elementor-heading-title elementor-size-default\">RSR andis aastatel 2004-2018 v\u00e4lja auhinna parimale eelmisel aastal Eesti meedias ilmunud v\u00e4lispoliitiliste kirjutiste autorile.<\/h2>\t\t\t\t<\/div>\n\t\t\t\t<\/div>\n\t\t\t\t<div class=\"elementor-element elementor-element-d61ddda elementor-widget elementor-widget-spacer\" data-id=\"d61ddda\" data-element_type=\"widget\" data-e-type=\"widget\" data-widget_type=\"spacer.default\">\n\t\t\t\t<div class=\"elementor-widget-container\">\n\t\t\t\t\t\t\t<div class=\"elementor-spacer\">\n\t\t\t<div class=\"elementor-spacer-inner\"><\/div>\n\t\t<\/div>\n\t\t\t\t\t\t<\/div>\n\t\t\t\t<\/div>\n\t\t\t\t<div class=\"elementor-element elementor-element-8694b8e elementor-widget-divider--view-line elementor-widget elementor-widget-divider\" data-id=\"8694b8e\" data-element_type=\"widget\" data-e-type=\"widget\" data-widget_type=\"divider.default\">\n\t\t\t\t<div class=\"elementor-widget-container\">\n\t\t\t\t\t\t\t<div class=\"elementor-divider\">\n\t\t\t<span class=\"elementor-divider-separator\">\n\t\t\t\t\t\t<\/span>\n\t\t<\/div>\n\t\t\t\t\t\t<\/div>\n\t\t\t\t<\/div>\n\t\t\t\t<div class=\"elementor-element elementor-element-bae6d5c elementor-widget elementor-widget-spacer\" data-id=\"bae6d5c\" data-element_type=\"widget\" data-e-type=\"widget\" data-widget_type=\"spacer.default\">\n\t\t\t\t<div class=\"elementor-widget-container\">\n\t\t\t\t\t\t\t<div class=\"elementor-spacer\">\n\t\t\t<div class=\"elementor-spacer-inner\"><\/div>\n\t\t<\/div>\n\t\t\t\t\t\t<\/div>\n\t\t\t\t<\/div>\n\t\t\t\t<div class=\"elementor-element elementor-element-4f10c68 elementor-widget__width-inherit elementor-widget-mobile__width-inherit elementor-widget elementor-widget-text-editor\" data-id=\"4f10c68\" data-element_type=\"widget\" data-e-type=\"widget\" data-widget_type=\"text-editor.default\">\n\t\t\t\t<div class=\"elementor-widget-container\">\n\t\t\t\t\t\t\t\t\t<p>Auhinnale kandideerivad k\u00f5ik, kes on aasta jooksul Eesti ajakirjanduses kirjutanud ning kes ei ole RSR-i v\u00f5i T\u00dc politoloogia osakonnaga seotud. Auhinna v\u00f5itja selgub kahes voorus \u2013 esimeses voorus vaadatakse l\u00e4bi k\u00f5ik aasta artiklid peamistes v\u00e4ljaannetes ning k\u00f5ik RSR-i tegevliikmed h\u00e4\u00e4letavad. Teises voorus on alles j\u00e4\u00e4nud viis nime, kelle vahel valivad nii Suur ja V\u00e4ike Ring kui ka vilistlased.<\/p><p>V\u00e4lispoliitilise kirjutise auhinna andmisel hindab RSR-i liikmeskond asjatundlikkust, p\u00e4evakohasust ja anal\u00fc\u00fcsiv\u00f5imet. Tavaliselt ei tooda v\u00e4lja \u00fchte artiklit, vaid keskendutakse \u00fcldisele aastat\u00f6\u00f6le. See ei t\u00e4henda, et v\u00f5itjaks ei saaks tulla ka vaid \u00fche suurep\u00e4rase artikli eest.<\/p>\t\t\t\t\t\t\t\t<\/div>\n\t\t\t\t<\/div>\n\t\t\t\t<div class=\"elementor-element elementor-element-796d833 elementor-hidden-desktop elementor-hidden-tablet elementor-widget elementor-widget-heading\" data-id=\"796d833\" data-element_type=\"widget\" data-e-type=\"widget\" data-widget_type=\"heading.default\">\n\t\t\t\t<div class=\"elementor-widget-container\">\n\t\t\t\t\t<h2 class=\"elementor-heading-title elementor-size-default\">V\u00f5itjad aastate jooksul<\/h2>\t\t\t\t<\/div>\n\t\t\t\t<\/div>\n\t\t\t\t<div class=\"elementor-element elementor-element-27f10b2 elementor-hidden-mobile elementor-widget elementor-widget-heading\" data-id=\"27f10b2\" data-element_type=\"widget\" data-e-type=\"widget\" data-widget_type=\"heading.default\">\n\t\t\t\t<div class=\"elementor-widget-container\">\n\t\t\t\t\t<h2 class=\"elementor-heading-title elementor-size-default\">V\u00f5itjad aastate jooksul<\/h2>\t\t\t\t<\/div>\n\t\t\t\t<\/div>\n\t\t\t\t<div class=\"elementor-element elementor-element-04602a5 elementor-widget elementor-widget-spacer\" data-id=\"04602a5\" data-element_type=\"widget\" data-e-type=\"widget\" data-widget_type=\"spacer.default\">\n\t\t\t\t<div class=\"elementor-widget-container\">\n\t\t\t\t\t\t\t<div class=\"elementor-spacer\">\n\t\t\t<div class=\"elementor-spacer-inner\"><\/div>\n\t\t<\/div>\n\t\t\t\t\t\t<\/div>\n\t\t\t\t<\/div>\n\t\t\t\t<div class=\"elementor-element elementor-element-4cd6869 elementor-widget__width-inherit elementor-widget-mobile__width-inherit elementor-widget elementor-widget-text-editor\" data-id=\"4cd6869\" data-element_type=\"widget\" data-e-type=\"widget\" data-widget_type=\"text-editor.default\">\n\t\t\t\t<div class=\"elementor-widget-container\">\n\t\t\t\t\t\t\t\t\t<p><span style=\"background-color: rgba(255, 254, 254, 0); font-size: 28px;\">2018 Vladimir Sazonov<\/span><\/p><p><span style=\"font-size: 28px; background-color: rgba(255, 254, 254, 0);\">2017 Jaanus Piirsalu<\/span><\/p><p>2016 Poliitika.guru<\/p><p>2014 Kadri Liik<\/p><p>2013 Hannes Hanso<\/p><p>2012 Mihkel Mutt<\/p><p>2011 Ahto Lobjakas<\/p><p>2010 Andrei Hvostov<\/p><p>2009 Kaarel Kaas<\/p><p>2008 Ahto Lobjakas<\/p><p>2007 Sven Mikser<\/p><p>2006 Kadri Liik<\/p><p>2005 Andrei Hvostov<\/p><p>2004 Toomas Hendrik Ilves<\/p>\t\t\t\t\t\t\t\t<\/div>\n\t\t\t\t<\/div>\n\t\t\t\t\t<\/div>\n\t\t<\/div>\n\t\t\t\t\t<\/div>\n\t\t<\/section>\n\t\t\t\t<\/div>","protected":false},"excerpt":{"rendered":"<p>Aasta v\u00e4lispoliitika kirjutaja auhind Aasta v\u00e4lispoliitika kirjutaja auhind RSR andis aastatel 2004-2018 v\u00e4lja auhinna parimale eelmisel aastal Eesti meedias ilmunud v\u00e4lispoliitiliste kirjutiste autorile. Auhinnale kandideerivad k\u00f5ik, kes on aasta jooksul Eesti ajakirjanduses kirjutanud ning kes ei ole RSR-i v\u00f5i T\u00dc politoloogia osakonnaga seotud. Auhinna v\u00f5itja selgub kahes voorus \u2013 esimeses voorus vaadatakse l\u00e4bi k\u00f5ik aasta [&hellip;]<\/p>\n","protected":false},"author":3,"featured_media":0,"parent":3346,"menu_order":0,"comment_status":"closed","ping_status":"closed","template":"","meta":{"site-sidebar-layout":"no-sidebar","site-content-layout":"page-builder","ast-site-content-layout":"full-width-container","site-content-style":"default","site-sidebar-style":"default","ast-global-header-display":"","ast-banner-title-visibility":"","ast-main-header-display":"","ast-hfb-above-header-display":"","ast-hfb-below-header-display":"","ast-hfb-mobile-header-display":"","site-post-title":"disabled","ast-breadcrumbs-content":"","ast-featured-img":"disabled","footer-sml-layout":"","theme-transparent-header-meta":"","adv-header-id-meta":"","stick-header-meta":"","header-above-stick-meta":"","header-main-stick-meta":"","header-below-stick-meta":"","astra-migrate-meta-layouts":"set","ast-page-background-enabled":"default","ast-page-background-meta":{"desktop":{"background-color":"","background-image":"","background-repeat":"repeat","background-position":"center center","background-size":"auto","background-attachment":"scroll","background-type":"","background-media":"","overlay-type":"","overlay-color":"","overlay-opacity":"","overlay-gradient":""},"tablet":{"background-color":"","background-image":"","background-repeat":"repeat","background-position":"center center","background-size":"auto","background-attachment":"scroll","background-type":"","background-media":"","overlay-type":"","overlay-color":"","overlay-opacity":"","overlay-gradient":""},"mobile":{"background-color":"","background-image":"","background-repeat":"repeat","background-position":"center center","background-size":"auto","background-attachment":"scroll","background-type":"","background-media":"","overlay-type":"","overlay-color":"","overlay-opacity":"","overlay-gradient":""}},"ast-content-background-meta":{"desktop":{"background-color":"var(--ast-global-color-5)","background-image":"","background-repeat":"repeat","background-position":"center center","background-size":"auto","background-attachment":"scroll","background-type":"","background-media":"","overlay-type":"","overlay-color":"","overlay-opacity":"","overlay-gradient":""},"tablet":{"background-color":"var(--ast-global-color-5)","background-image":"","background-repeat":"repeat","background-position":"center center","background-size":"auto","background-attachment":"scroll","background-type":"","background-media":"","overlay-type":"","overlay-color":"","overlay-opacity":"","overlay-gradient":""},"mobile":{"background-color":"var(--ast-global-color-5)","background-image":"","background-repeat":"repeat","background-position":"center center","background-size":"auto","background-attachment":"scroll","background-type":"","background-media":"","overlay-type":"","overlay-color":"","overlay-opacity":"","overlay-gradient":""}},"footnotes":""},"class_list":["post-9954","page","type-page","status-publish","hentry"],"_links":{"self":[{"href":"https:\/\/rsr.ut.ee\/en\/wp-json\/wp\/v2\/pages\/9954","targetHints":{"allow":["GET"]}}],"collection":[{"href":"https:\/\/rsr.ut.ee\/en\/wp-json\/wp\/v2\/pages"}],"about":[{"href":"https:\/\/rsr.ut.ee\/en\/wp-json\/wp\/v2\/types\/page"}],"author":[{"embeddable":true,"href":"https:\/\/rsr.ut.ee\/en\/wp-json\/wp\/v2\/users\/3"}],"replies":[{"embeddable":true,"href":"https:\/\/rsr.ut.ee\/en\/wp-json\/wp\/v2\/comments?post=9954"}],"version-history":[{"count":15,"href":"https:\/\/rsr.ut.ee\/en\/wp-json\/wp\/v2\/pages\/9954\/revisions"}],"predecessor-version":[{"id":15522,"href":"https:\/\/rsr.ut.ee\/en\/wp-json\/wp\/v2\/pages\/9954\/revisions\/15522"}],"up":[{"embeddable":true,"href":"https:\/\/rsr.ut.ee\/en\/wp-json\/wp\/v2\/pages\/3346"}],"wp:attachment":[{"href":"https:\/\/rsr.ut.ee\/en\/wp-json\/wp\/v2\/media?parent=9954"}],"curies":[{"name":"wp","href":"https:\/\/api.w.org\/{rel}","templated":true}]}}