{"id":15516,"date":"2025-10-14T19:21:47","date_gmt":"2025-10-14T16:21:47","guid":{"rendered":"https:\/\/rsr.ut.ee\/?page_id=15516"},"modified":"2025-10-27T18:43:43","modified_gmt":"2025-10-27T16:43:43","slug":"ajalugu","status":"publish","type":"page","link":"https:\/\/rsr.ut.ee\/en\/ajalugu\/","title":{"rendered":"History"},"content":{"rendered":"<div data-elementor-type=\"wp-page\" data-elementor-id=\"15516\" class=\"elementor elementor-15516\" data-elementor-post-type=\"page\">\n\t\t\t\t\t\t<section class=\"elementor-section elementor-top-section elementor-element elementor-element-8900afc elementor-section-boxed elementor-section-height-default elementor-section-height-default\" data-id=\"8900afc\" data-element_type=\"section\" data-e-type=\"section\">\n\t\t\t\t\t\t<div class=\"elementor-container elementor-column-gap-default\">\n\t\t\t\t\t<div class=\"elementor-column elementor-col-100 elementor-top-column elementor-element elementor-element-8f57e5e\" data-id=\"8f57e5e\" data-element_type=\"column\" data-e-type=\"column\">\n\t\t\t<div class=\"elementor-widget-wrap elementor-element-populated\">\n\t\t\t\t\t\t<div class=\"elementor-element elementor-element-c13b660 elementor-hidden-mobile elementor-widget elementor-widget-heading\" data-id=\"c13b660\" data-element_type=\"widget\" data-e-type=\"widget\" data-widget_type=\"heading.default\">\n\t\t\t\t<div class=\"elementor-widget-container\">\n\t\t\t\t\t<h2 class=\"elementor-heading-title elementor-size-default\">History<\/h2>\t\t\t\t<\/div>\n\t\t\t\t<\/div>\n\t\t\t\t<div class=\"elementor-element elementor-element-43c69ca elementor-hidden-desktop elementor-hidden-tablet elementor-widget elementor-widget-heading\" data-id=\"43c69ca\" data-element_type=\"widget\" data-e-type=\"widget\" data-widget_type=\"heading.default\">\n\t\t\t\t<div class=\"elementor-widget-container\">\n\t\t\t\t\t<h2 class=\"elementor-heading-title elementor-size-default\">History<\/h2>\t\t\t\t<\/div>\n\t\t\t\t<\/div>\n\t\t\t\t<div class=\"elementor-element elementor-element-a8e28e8 elementor-hidden-desktop elementor-hidden-tablet elementor-widget elementor-widget-spacer\" data-id=\"a8e28e8\" data-element_type=\"widget\" data-e-type=\"widget\" data-widget_type=\"spacer.default\">\n\t\t\t\t<div class=\"elementor-widget-container\">\n\t\t\t\t\t\t\t<div class=\"elementor-spacer\">\n\t\t\t<div class=\"elementor-spacer-inner\"><\/div>\n\t\t<\/div>\n\t\t\t\t\t\t<\/div>\n\t\t\t\t<\/div>\n\t\t\t\t<div class=\"elementor-element elementor-element-0a6add8 elementor-hidden-desktop elementor-hidden-tablet elementor-widget elementor-widget-heading\" data-id=\"0a6add8\" data-element_type=\"widget\" data-e-type=\"widget\" data-widget_type=\"heading.default\">\n\t\t\t\t<div class=\"elementor-widget-container\">\n\t\t\t\t\t<h2 class=\"elementor-heading-title elementor-size-default\">Ajajoon on valmimisel<\/h2>\t\t\t\t<\/div>\n\t\t\t\t<\/div>\n\t\t\t\t<div class=\"elementor-element elementor-element-70cf162 elementor-hidden-desktop elementor-hidden-tablet elementor-widget elementor-widget-spacer\" data-id=\"70cf162\" data-element_type=\"widget\" data-e-type=\"widget\" data-widget_type=\"spacer.default\">\n\t\t\t\t<div class=\"elementor-widget-container\">\n\t\t\t\t\t\t\t<div class=\"elementor-spacer\">\n\t\t\t<div class=\"elementor-spacer-inner\"><\/div>\n\t\t<\/div>\n\t\t\t\t\t\t<\/div>\n\t\t\t\t<\/div>\n\t\t\t\t\t<\/div>\n\t\t<\/div>\n\t\t\t\t\t<\/div>\n\t\t<\/section>\n\t\t\t\t<section class=\"elementor-section elementor-top-section elementor-element elementor-element-c7a66ed elementor-hidden-mobile elementor-section-boxed elementor-section-height-default elementor-section-height-default\" data-id=\"c7a66ed\" data-element_type=\"section\" data-e-type=\"section\">\n\t\t\t\t\t\t<div class=\"elementor-container elementor-column-gap-default\">\n\t\t\t\t\t<div class=\"elementor-column elementor-col-33 elementor-top-column elementor-element elementor-element-46fd52b\" data-id=\"46fd52b\" data-element_type=\"column\" data-e-type=\"column\">\n\t\t\t<div class=\"elementor-widget-wrap\">\n\t\t\t\t\t\t\t<\/div>\n\t\t<\/div>\n\t\t\t\t<div class=\"elementor-column elementor-col-33 elementor-top-column elementor-element elementor-element-cbed4ce\" data-id=\"cbed4ce\" data-element_type=\"column\" data-e-type=\"column\">\n\t\t\t<div class=\"elementor-widget-wrap elementor-element-populated\">\n\t\t\t\t\t\t<div class=\"elementor-element elementor-element-aa877dc elementor-widget elementor-widget-text-editor\" data-id=\"aa877dc\" data-element_type=\"widget\" data-e-type=\"widget\" data-widget_type=\"text-editor.default\">\n\t\t\t\t<div class=\"elementor-widget-container\">\n\t\t\t\t\t\t\t\t\t<p><span style=\"font-size: 27px; font-style: normal; font-weight: bold;\">&nbsp;<\/span><\/p>\n<p><span style=\"font-size: 27px; font-style: normal; font-weight: bold;\">7. oktoober 1963<\/span><span style=\"font-size: 27px; font-style: normal; font-weight: 400;\">&nbsp;RSRi asutamiskoosolek \u00fclikooli komsomolikomitees Eero Loone algatusel, esimeseks presidendiks sai Mati Uesson<\/span><\/p>\n<p><span style=\"font-weight: bold; font-size: 27px; font-style: normal;\">14. oktoober 1963&nbsp;<\/span><span style=\"font-size: 27px; font-style: normal; font-weight: 400;\">RSRi esimene avalik loeng \u00fclikooli kohvikus, Mikk Titma ettekanne&nbsp; \u201eM\u00f5ningaid probleeme kaasaegsest Hiinast\u201d<\/span><\/p>\n<p><span style=\"font-style: inherit;\"><strong>&nbsp;<\/strong><\/span><\/p>\n<p><span style=\"font-style: inherit;\"><strong>&nbsp;<\/strong><\/span><\/p>\n<p><span style=\"font-style: inherit;\"><strong>&nbsp;<\/strong><\/span><\/p>\n<p><strong style=\"font-size: 27px;\">&nbsp;<\/strong><\/p>\n<p><strong style=\"font-size: 27px;\">september 1965<\/strong><span style=\"font-size: 27px;\"> esimene kohtumine T\u00dc ajalooringiga, arutlusring Kashmiri teemadel<\/span><\/p>\n<p><strong>24. oktoober 1966<\/strong> RSR andis oma esimese nii-\u00f6elda pressikonverentsi k\u00f5igile huvilistele Tartu \u00dclikooli kohviku r\u00f5dusaalis<\/p>\n<p><b>&nbsp;<\/b><\/p>\n<p><b>&nbsp;<\/b><\/p>\n<p><b style=\"font-style: inherit;\">1971<span style=\"font-weight: 400;\"> TR\u00dc ajalehes ja&nbsp; \u201eEdasis\u201d hakkasid ilmuma RSRi liikmete n\u00e4dalakommentaarid<\/span><\/b><\/p>\n<p><b>1971<\/b><span style=\"font-weight: 400;\"> RSR V\u00e4ike Ring k\u00fclastas Moskvataprill<\/span><\/p>\n<p><span style=\"font-weight: 400;\"><strong>&nbsp;<\/strong><\/span><\/p>\n<p><span style=\"font-weight: 400;\"><strong>&nbsp;<\/strong><\/span><\/p>\n<p><span style=\"font-weight: 400;\"><strong>&nbsp;<\/strong><\/span><\/p>\n<p><strong style=\"font-size: 27px;\">&nbsp;<\/strong><\/p>\n<p><strong style=\"font-size: 27px;\">1974<\/strong><span style=\"font-size: 27px; font-weight: 400;\"> RSR korraldas oma esimese konverentsi erinevatel globaalpoliitilistel teemadel<\/span><\/p>\n<p><b>1981<\/b><span style=\"font-weight: 400;\"> RSR v\u00f5ttis osa Rahvusvahelise \u00dcli\u00f5pilasliidu 35. aastap\u00e4evast ja NSVL moodustamise 60. aastap\u00e4evale p\u00fchendatud viktoriinist TPI aulas<\/span><\/p>\n<p><b>1981 <\/b><span style=\"font-weight: 400;\">toimus RSRi esmakordne seminarlaager Aegviidus<\/span><\/p>\n<p><b>&nbsp;<\/b><\/p>\n<p><b>&nbsp;<\/b><\/p>\n<p><b>&nbsp;<\/b><\/p>\n<p><b>&nbsp;<\/b><\/p>\n<p><b>1986 <\/b><span style=\"font-weight: 400;\">avalik mudel-arutelu teemal \u201cNSVL-USA l\u00e4bir\u00e4\u00e4kimised\u201d<\/span><\/p>\n<p><b>1987 <\/b><span style=\"font-weight: 400;\">RSRi<\/span> <span style=\"font-weight: 400;\">esimene kolumn TR\u00dc v\u00e4ljaandes<\/span><\/p>\n<p><b>&nbsp;<\/b><\/p>\n<p><b>&nbsp;<\/b><\/p>\n<p><b>&nbsp;<\/b><\/p>\n<p><b>&nbsp;<\/b><\/p>\n<p><b style=\"font-style: inherit;\">1<\/b><b style=\"font-style: inherit;\">1. september 2002<\/b><span style=\"font-size: 27px; font-weight: 400;\"> RSR korraldas 9\/11 teemalise \u00f5htu, loengut peab Peeter Tulviste<\/span><\/p>\n<p><b>2003 <\/b><span style=\"font-weight: 400;\">valmis RSRi esimene kodulehek\u00fclg<\/span><\/p>\n<p><b>2003<\/b><span style=\"font-weight: 400;\"> RSR asutamisest m\u00f6\u00f6dus 40 aastat, avaldati \u201eRSR 40. Rahvusvaheliste Suhete Ring 1963\u20132003. M\u00e4lestuste kogumik\u201d<\/span><\/p>\n<p><span style=\"font-weight: 400;\">&nbsp;<\/span><\/p>\n<p><span style=\"font-weight: 400;\">&nbsp;<\/span><\/p>\n<p><span style=\"font-weight: 400;\">&nbsp;<\/span><\/p>\n<p><span style=\"font-weight: 400;\">&nbsp;<\/span><\/p>\n<p><b style=\"font-style: inherit;\">&nbsp;<\/b><\/p>\n<p><b style=\"font-style: inherit;\">kevad 2009 <\/b><span style=\"font-size: 27px; font-weight: 400;\">sai Noorteraadios alguse RSRi taskuh\u00e4\u00e4ling Ringjoon, mis hiljem j\u00e4tkas tegutsemist Generaadios<\/span><\/p>\n<p><b style=\"font-style: inherit;\">s\u00fcgis 2009 <\/b><span style=\"font-size: 27px; font-weight: 400;\">avanes esmakordselt v\u00f5imalus astuda RSRi tegevliikmeks, V\u00e4ike Ring sai t\u00e4nase kuju<\/span><\/p>\n<p><span style=\"font-weight: bold; font-size: 27px; font-style: normal;\">&nbsp;<\/span><\/p>\n<p><span style=\"font-weight: bold; font-size: 27px; font-style: normal;\">&nbsp;<\/span><\/p>\n<p><span style=\"font-size: 27px; font-style: normal; font-weight: bold;\">&nbsp;<\/span><\/p>\n<p><span style=\"font-size: 27px; font-style: normal; font-weight: bold;\">s\u00fcgis 2011&nbsp;<\/span><span style=\"font-size: 27px; font-style: normal; font-weight: 400;\">algatatakse RSRi tegevliikmeskonna kasvatamiseks v\u00e4rbamiskampaania<\/span><\/p>\n<p><b>2012 <\/b><span style=\"font-weight: 400;\">toimus esmakordselt RSRi m\u00e4lum\u00e4ng pubis Trehv<\/span><\/p>\n<p><b>2013 <\/b><span style=\"font-weight: 400;\">RSRi asutamisest m\u00f6\u00f6dus 50 aastat<\/span><\/p>\n<p><b>&nbsp;<\/b><\/p>\n<p><b>&nbsp;<\/b><\/p>\n<p><b>&nbsp;<\/b><\/p>\n<p><b>&nbsp;<\/b><\/p>\n<p><b>&nbsp;<\/b><\/p>\n<p><b style=\"font-style: inherit;\">2018 <\/b><span style=\"font-size: 27px; font-weight: 400;\">toimus RSRi 55. juubel Elektriteatris<\/span><\/p>\n<p><b>2018 <\/b><span style=\"font-weight: 400;\">loodi t\u00f6\u00f6grupp RSR kooli, et panna koolinoori \u00fcle Eesti huvituma maailmas toimuvast ja p\u00e4evakajalisest (v\u00e4lis)poliitikast<\/span><\/p>\n<p><span style=\"font-weight: 400;\"><br><b><br><\/b><\/span><\/p>\n<p><span style=\"font-weight: 400;\"><b>&nbsp;<\/b><\/span><\/p>\n<p><span style=\"font-weight: 400;\"><b>14. oktoober 2023 <\/b>RSRi 60 aasta puhul korraldati juubelikonverents<br><\/span><\/p>\n<p><span style=\"font-weight: 400;\">&nbsp;<\/span><\/p>\n<p><span style=\"font-size: 27px; font-style: normal; font-weight: 400;\">&nbsp;<\/span><\/p>\t\t\t\t\t\t\t\t<\/div>\n\t\t\t\t<\/div>\n\t\t\t\t\t<\/div>\n\t\t<\/div>\n\t\t\t\t<div class=\"elementor-column elementor-col-33 elementor-top-column elementor-element elementor-element-3eef292\" data-id=\"3eef292\" data-element_type=\"column\" data-e-type=\"column\">\n\t\t\t<div class=\"elementor-widget-wrap elementor-element-populated\">\n\t\t\t\t\t\t<div class=\"elementor-element elementor-element-9423025 elementor-widget elementor-widget-heading\" data-id=\"9423025\" data-element_type=\"widget\" data-e-type=\"widget\" data-widget_type=\"heading.default\">\n\t\t\t\t<div class=\"elementor-widget-container\">\n\t\t\t\t\t<h2 class=\"elementor-heading-title elementor-size-default\">1963<\/h2>\t\t\t\t<\/div>\n\t\t\t\t<\/div>\n\t\t\t\t<div class=\"elementor-element elementor-element-c9700ca elementor-widget elementor-widget-text-editor\" data-id=\"c9700ca\" data-element_type=\"widget\" data-e-type=\"widget\" data-widget_type=\"text-editor.default\">\n\t\t\t\t<div class=\"elementor-widget-container\">\n\t\t\t\t\t\t\t\t\t<p>\u00a0<\/p><p><span style=\"font-size: 27px; font-style: normal; letter-spacing: 0px; font-weight: bold;\">1964<\/span><span style=\"font-size: 27px; font-style: normal; font-weight: 400; letter-spacing: 0px;\">\u00a0esimene avalik arutelu Charles de Gaulle vastuolulise poliitika \u00fcle<\/span><\/p><p><b>25. oktoober 1964 <\/b><span style=\"font-weight: 400;\">teine avalik arutelu USA tollase presidendikandidaadi Barry Goldwateri \u00fcle<\/span><\/p><p><strong style=\"font-size: 27px; letter-spacing: 0px;\">detsember 1964<\/strong><span style=\"font-size: 27px; letter-spacing: 0px;\"> esimene kohtumis\u00f5htu T\u00dc Rahvaste S\u00f5pruse Klubiga<\/span><\/p><p><b>\u00a0<\/b><\/p><p><b>\u00a0<\/b><\/p><p><span style=\"font-size: 27px; font-style: normal; letter-spacing: 0px; font-weight: bold;\">\u00a0<\/span><\/p><p><span style=\"font-size: 27px; font-style: normal; letter-spacing: 0px; font-weight: bold;\">17. november 1967<\/span><span style=\"font-size: 27px; font-style: normal; font-weight: 400; letter-spacing: 0px;\">\u00a0TR\u00dc ajalehes kasutati esimest korda keelendit \u201eRSRi suur ring\u201d<\/span><span style=\"font-size: 27px; letter-spacing: 0px;\">\u00a0<\/span><\/p><p><b>1968<\/b><span style=\"font-weight: 400;\"> algasid \u201einformatsioonikoosolekud\u201d T\u0161ehhis toimunud Praha kevade s\u00fcndmuste kohta<\/span><\/p><p><b>\u00a0<\/b><\/p><p><b>\u00a0<\/b><\/p><p><b>1973<\/b> <span style=\"font-weight: 400;\">algas <\/span><span style=\"font-weight: 400;\">koost\u00f6\u00f6 Moskva Rahvusvaheliste Suhete Instituudiga<\/span><\/p><p><b>oktoober 1973<\/b><span style=\"font-weight: 400;\"> RSRi 10. presidendiks valiti ajalootudeng Rein Toomla<\/span><\/p><p><span style=\"font-weight: 400;\"><strong>november 1973<\/strong> RSRi 10. juubeliaastap\u00e4eva t\u00e4histamine<\/span><\/p><p><b>\u00a0<\/b><\/p><p><b>\u00a0<\/b><\/p><p><b>\u00a0<\/b><\/p><p><b style=\"font-style: inherit; letter-spacing: 0px;\">\u00a0<\/b><\/p><p><b style=\"font-style: inherit; letter-spacing: 0px;\">1982<\/b><span style=\"font-size: 27px; font-weight: 400; letter-spacing: 0px;\"> TR\u00dc tr\u00fckikoda andis v\u00e4lja kogumiku \u201cTR\u00dc Rahvusvaheliste Suhete Ring: L\u00fchi\u00fclevaade ajaloost ja t\u00e4nap\u00e4evast\u201d<\/span><\/p><p><strong>1983<\/strong> RSRi juhendajaks sai Kaido Jaanson<\/p><p><b>7. oktoober 1983 <\/b><span style=\"font-weight: 400;\">RSR t\u00e4histas oma 20. aastap\u00e4eva, ilmus RSRi tutvustav bro\u0161\u00fc\u00fcr<\/span><\/p><p><b>\u00a0<\/b><\/p><p><b>\u00a0<\/b><\/p><p><b>\u00a0<\/b><b style=\"font-style: inherit; letter-spacing: 0px;\">3. oktoober 1998<\/b><span style=\"font-size: 27px; font-weight: 400; letter-spacing: 0px;\"> RSRi asutamisest m\u00f6\u00f6dus 35 aastat<\/span><\/p><p><b>s\u00fcgis 1998 <\/b><span style=\"font-weight: 400;\">K\u00e4\u00e4riku s\u00fcgiskoolis tekkis idee Rahvusvaheliste Suhete Ring taaselustada<\/span><\/p><p><b>1999 <\/b><span style=\"font-weight: 400;\">v\u00f5eti vastu ja registreeriti \u00e4riregistris RSRi p\u00f5hikiri<\/span><\/p><p><b>\u00a0<\/b><\/p><p><b>\u00a0<\/b><\/p><p><b>\u00a0<\/b><\/p><p><b>\u00a0<\/b><\/p><p><b style=\"font-style: inherit; letter-spacing: 0px;\">2004<\/b><span style=\"font-size: 27px; font-weight: 400; letter-spacing: 0px;\"> kuni 2018 andis RSR iga-aastaselt v\u00e4lja parima v\u00e4lispoliitilise kirjutaja auhinda, esimese auhinna p\u00e4lvis Toomas Hendrik Ilves<\/span><\/p><p><b>18. mai 2004<\/b><span style=\"font-weight: 400;\"> toimus Europarlamendi kandidaatide debatt kuue erakonna esindaja vahel T\u00dc raamatukogu konverentsisaalis<\/span><\/p><p><b>2004 <\/b><span style=\"font-weight: 400;\">kujunes v\u00e4lja RSRi s\u00fcmboolika<\/span><\/p><p><b>\u00a0<\/b><\/p><p><b>\u00a0<\/b><\/p><p><b>\u00a0<\/b><\/p><p><b>2010 <\/b><span style=\"font-weight: 400;\">V\u00e4ikese Ringi liikme p\u00f5hikirja lisati punkt \u00f5igusest valida RSRi presidenti<\/span><\/p><p><b>7.detsember 2010 <\/b><span style=\"font-weight: 400;\">toimusid esmakordselt demokraatlikud RSRi presidendi valimised V\u00e4ikese Ringi liikmete poolt, presidendiks valiti Sandor Elias<\/span><\/p><p><b>\u00a0<\/b><\/p><p><b>\u00a0<\/b><\/p><p><b>\u00a0<\/b><\/p><p><b>2014 <\/b><span style=\"font-weight: 400;\">kuni 2019 ilmus M\u00fc\u00fcrilehes RSRi veerg, kus avaldati p\u00e4evakajalisi v\u00e4lispoliitilisi arvamusartikleid<\/span><\/p><p><b>suvi 2016 <\/b><span style=\"font-weight: 400;\">RSR korraldas esimest korda arvamusfestivalil kaks arutelu: &#8220;Kas Krimm on unustatud?&#8221; ning &#8220;Eesti kui v\u00e4ikeriigi roll ja v\u00f5imalused v\u00e4lispoliitikas?\u201d<\/span><\/p><p><b>2016 <\/b><span style=\"font-weight: 400;\">Tartu \u00dcRO mudeli esmakordne korraldamine Lossi 36 \u00f5ppehoones<\/span><\/p><p><b>\u00a0<\/b><\/p><p><b>\u00a0<\/b><\/p><p><b>2020 <\/b><span style=\"font-weight: 400;\">pandeemia t\u00f5ttu toimusid RSRi loengud esmakordselt \u00fcle veebi<\/span><\/p><p><b>2020 <\/b><span style=\"font-weight: 400;\">alustati koost\u00f6\u00f6d P\u00f5hjamaade s\u00f5prusorganisatsioonidega, korraldati konverents Nordic Convention on International Affairs<\/span><\/p>\t\t\t\t\t\t\t\t<\/div>\n\t\t\t\t<\/div>\n\t\t\t\t\t<\/div>\n\t\t<\/div>\n\t\t\t\t\t<\/div>\n\t\t<\/section>\n\t\t\t\t<\/div>","protected":false},"excerpt":{"rendered":"<p>Ajalugu Ajalugu Ajajoon on valmimisel &nbsp; 7. oktoober 1963&nbsp;RSRi asutamiskoosolek \u00fclikooli komsomolikomitees Eero Loone algatusel, esimeseks presidendiks sai Mati Uesson 14. oktoober 1963&nbsp;RSRi esimene avalik loeng \u00fclikooli kohvikus, Mikk Titma ettekanne&nbsp; \u201eM\u00f5ningaid probleeme kaasaegsest Hiinast\u201d &nbsp; &nbsp; &nbsp; &nbsp; september 1965 esimene kohtumine T\u00dc ajalooringiga, arutlusring Kashmiri teemadel 24. oktoober 1966 RSR andis oma esimese [&hellip;]<\/p>\n","protected":false},"author":3,"featured_media":0,"parent":0,"menu_order":0,"comment_status":"closed","ping_status":"closed","template":"","meta":{"site-sidebar-layout":"no-sidebar","site-content-layout":"page-builder","ast-site-content-layout":"full-width-container","site-content-style":"default","site-sidebar-style":"default","ast-global-header-display":"","ast-banner-title-visibility":"","ast-main-header-display":"","ast-hfb-above-header-display":"","ast-hfb-below-header-display":"","ast-hfb-mobile-header-display":"","site-post-title":"disabled","ast-breadcrumbs-content":"","ast-featured-img":"disabled","footer-sml-layout":"","theme-transparent-header-meta":"","adv-header-id-meta":"","stick-header-meta":"","header-above-stick-meta":"","header-main-stick-meta":"","header-below-stick-meta":"","astra-migrate-meta-layouts":"set","ast-page-background-enabled":"default","ast-page-background-meta":{"desktop":{"background-color":"","background-image":"","background-repeat":"repeat","background-position":"center center","background-size":"auto","background-attachment":"scroll","background-type":"","background-media":"","overlay-type":"","overlay-color":"","overlay-opacity":"","overlay-gradient":""},"tablet":{"background-color":"","background-image":"","background-repeat":"repeat","background-position":"center center","background-size":"auto","background-attachment":"scroll","background-type":"","background-media":"","overlay-type":"","overlay-color":"","overlay-opacity":"","overlay-gradient":""},"mobile":{"background-color":"","background-image":"","background-repeat":"repeat","background-position":"center center","background-size":"auto","background-attachment":"scroll","background-type":"","background-media":"","overlay-type":"","overlay-color":"","overlay-opacity":"","overlay-gradient":""}},"ast-content-background-meta":{"desktop":{"background-color":"var(--ast-global-color-5)","background-image":"","background-repeat":"repeat","background-position":"center center","background-size":"auto","background-attachment":"scroll","background-type":"","background-media":"","overlay-type":"","overlay-color":"","overlay-opacity":"","overlay-gradient":""},"tablet":{"background-color":"var(--ast-global-color-5)","background-image":"","background-repeat":"repeat","background-position":"center center","background-size":"auto","background-attachment":"scroll","background-type":"","background-media":"","overlay-type":"","overlay-color":"","overlay-opacity":"","overlay-gradient":""},"mobile":{"background-color":"var(--ast-global-color-5)","background-image":"","background-repeat":"repeat","background-position":"center center","background-size":"auto","background-attachment":"scroll","background-type":"","background-media":"","overlay-type":"","overlay-color":"","overlay-opacity":"","overlay-gradient":""}},"footnotes":""},"class_list":["post-15516","page","type-page","status-publish","hentry"],"_links":{"self":[{"href":"https:\/\/rsr.ut.ee\/en\/wp-json\/wp\/v2\/pages\/15516","targetHints":{"allow":["GET"]}}],"collection":[{"href":"https:\/\/rsr.ut.ee\/en\/wp-json\/wp\/v2\/pages"}],"about":[{"href":"https:\/\/rsr.ut.ee\/en\/wp-json\/wp\/v2\/types\/page"}],"author":[{"embeddable":true,"href":"https:\/\/rsr.ut.ee\/en\/wp-json\/wp\/v2\/users\/3"}],"replies":[{"embeddable":true,"href":"https:\/\/rsr.ut.ee\/en\/wp-json\/wp\/v2\/comments?post=15516"}],"version-history":[{"count":13,"href":"https:\/\/rsr.ut.ee\/en\/wp-json\/wp\/v2\/pages\/15516\/revisions"}],"predecessor-version":[{"id":15576,"href":"https:\/\/rsr.ut.ee\/en\/wp-json\/wp\/v2\/pages\/15516\/revisions\/15576"}],"wp:attachment":[{"href":"https:\/\/rsr.ut.ee\/en\/wp-json\/wp\/v2\/media?parent=15516"}],"curies":[{"name":"wp","href":"https:\/\/api.w.org\/{rel}","templated":true}]}}