{"id":15055,"date":"2025-08-31T13:57:36","date_gmt":"2025-08-31T10:57:36","guid":{"rendered":"https:\/\/rsr.ut.ee\/?page_id=15055"},"modified":"2025-08-31T13:57:36","modified_gmt":"2025-08-31T10:57:36","slug":"turundus","status":"publish","type":"page","link":"https:\/\/rsr.ut.ee\/en\/turundus\/","title":{"rendered":"Marketing and social media"},"content":{"rendered":"<div data-elementor-type=\"wp-page\" data-elementor-id=\"15055\" class=\"elementor elementor-15055\" data-elementor-post-type=\"page\">\n\t\t\t\t\t\t<section class=\"elementor-section elementor-top-section elementor-element elementor-element-5edeba8 elementor-section-boxed elementor-section-height-default elementor-section-height-default\" data-id=\"5edeba8\" data-element_type=\"section\" data-e-type=\"section\">\n\t\t\t\t\t\t<div class=\"elementor-container elementor-column-gap-default\">\n\t\t\t\t\t<div class=\"elementor-column elementor-col-100 elementor-top-column elementor-element elementor-element-2bd549d\" data-id=\"2bd549d\" data-element_type=\"column\" data-e-type=\"column\">\n\t\t\t<div class=\"elementor-widget-wrap elementor-element-populated\">\n\t\t\t\t\t\t<section class=\"elementor-section elementor-inner-section elementor-element elementor-element-71c2fef elementor-section-full_width elementor-section-height-default elementor-section-height-default\" data-id=\"71c2fef\" data-element_type=\"section\" data-e-type=\"section\">\n\t\t\t\t\t\t<div class=\"elementor-container elementor-column-gap-no\">\n\t\t\t\t\t<div class=\"elementor-column elementor-col-100 elementor-inner-column elementor-element elementor-element-8cc9460\" data-id=\"8cc9460\" data-element_type=\"column\" data-e-type=\"column\">\n\t\t\t<div class=\"elementor-widget-wrap elementor-element-populated\">\n\t\t\t\t\t\t<div class=\"elementor-element elementor-element-4d0466e elementor-widget elementor-widget-spacer\" data-id=\"4d0466e\" data-element_type=\"widget\" data-e-type=\"widget\" data-widget_type=\"spacer.default\">\n\t\t\t\t<div class=\"elementor-widget-container\">\n\t\t\t\t\t\t\t<div class=\"elementor-spacer\">\n\t\t\t<div class=\"elementor-spacer-inner\"><\/div>\n\t\t<\/div>\n\t\t\t\t\t\t<\/div>\n\t\t\t\t<\/div>\n\t\t\t\t<div class=\"elementor-element elementor-element-bba6a81 elementor-widget elementor-widget-heading\" data-id=\"bba6a81\" data-element_type=\"widget\" data-e-type=\"widget\" data-widget_type=\"heading.default\">\n\t\t\t\t<div class=\"elementor-widget-container\">\n\t\t\t\t\t<h1 class=\"elementor-heading-title elementor-size-default\">Marketing and social media<\/h1>\t\t\t\t<\/div>\n\t\t\t\t<\/div>\n\t\t\t\t<div class=\"elementor-element elementor-element-d809699 elementor-widget__width-initial elementor-widget elementor-widget-heading\" data-id=\"d809699\" data-element_type=\"widget\" data-e-type=\"widget\" data-widget_type=\"heading.default\">\n\t\t\t\t<div class=\"elementor-widget-container\">\n\t\t\t\t\t<h2 class=\"elementor-heading-title elementor-size-default\">Turunduse ja sotsiaalmeedia t\u00f6\u00f6grupp on justkui vahel\u00fcli, mis k\u00f5ik teised t\u00f6\u00f6grupid \u00fcksteisega kokku p\u00f5imib. Meie hoole all on Ringi Instagram, Facebook ja LinkedIn, mille kaudu j\u00f5uavad laiema auditooriumini artiklid ajakirjanduse t\u00f6\u00f6grupilt, tsitaadid Ringjoone podcastidest, tarkuseterad RSR Kooli k\u00fclastustest, v\u00e4ljav\u00f5tted loengutest ja p\u00f5nevad m\u00f5tted m\u00e4lum\u00e4ngudest ja Arvamusfestivalilt. Ikka selleks, et teadvus rahvusvahelistest suhetest kasvaks nii Ringi sees kui sellest v\u00e4ljaspool.<\/h2>\t\t\t\t<\/div>\n\t\t\t\t<\/div>\n\t\t\t\t<div class=\"elementor-element elementor-element-71d32fb elementor-widget elementor-widget-spacer\" data-id=\"71d32fb\" data-element_type=\"widget\" data-e-type=\"widget\" data-widget_type=\"spacer.default\">\n\t\t\t\t<div class=\"elementor-widget-container\">\n\t\t\t\t\t\t\t<div class=\"elementor-spacer\">\n\t\t\t<div class=\"elementor-spacer-inner\"><\/div>\n\t\t<\/div>\n\t\t\t\t\t\t<\/div>\n\t\t\t\t<\/div>\n\t\t\t\t\t<\/div>\n\t\t<\/div>\n\t\t\t\t\t<\/div>\n\t\t<\/section>\n\t\t\t\t<section class=\"elementor-section elementor-inner-section elementor-element elementor-element-edf1fea elementor-section-boxed elementor-section-height-default elementor-section-height-default\" data-id=\"edf1fea\" data-element_type=\"section\" data-e-type=\"section\">\n\t\t\t\t\t\t\t<div class=\"elementor-background-overlay\"><\/div>\n\t\t\t\t\t\t\t<div class=\"elementor-container elementor-column-gap-default\">\n\t\t\t\t\t<div class=\"elementor-column elementor-col-50 elementor-inner-column elementor-element elementor-element-6982630\" data-id=\"6982630\" data-element_type=\"column\" data-e-type=\"column\">\n\t\t\t<div class=\"elementor-widget-wrap elementor-element-populated\">\n\t\t\t\t\t\t<div class=\"elementor-element elementor-element-9cc3ea5 elementor-widget elementor-widget-image\" data-id=\"9cc3ea5\" data-element_type=\"widget\" data-e-type=\"widget\" data-widget_type=\"image.default\">\n\t\t\t\t<div class=\"elementor-widget-container\">\n\t\t\t\t\t\t\t\t\t\t\t\t\t\t\t<img fetchpriority=\"high\" decoding=\"async\" width=\"683\" height=\"1024\" src=\"https:\/\/rsr.ut.ee\/wp-content\/uploads\/2025\/08\/IMG_7660-683x1024.jpg\" class=\"attachment-large size-large wp-image-15109\" alt=\"\" srcset=\"https:\/\/rsr.ut.ee\/wp-content\/uploads\/2025\/08\/IMG_7660-683x1024.jpg 683w, https:\/\/rsr.ut.ee\/wp-content\/uploads\/2025\/08\/IMG_7660-200x300.jpg 200w, https:\/\/rsr.ut.ee\/wp-content\/uploads\/2025\/08\/IMG_7660-768x1152.jpg 768w, https:\/\/rsr.ut.ee\/wp-content\/uploads\/2025\/08\/IMG_7660-1024x1536.jpg 1024w, https:\/\/rsr.ut.ee\/wp-content\/uploads\/2025\/08\/IMG_7660-1365x2048.jpg 1365w, https:\/\/rsr.ut.ee\/wp-content\/uploads\/2025\/08\/IMG_7660-scaled.jpg 1707w\" sizes=\"(max-width: 683px) 100vw, 683px\" \/>\t\t\t\t\t\t\t\t\t\t\t\t\t\t\t<\/div>\n\t\t\t\t<\/div>\n\t\t\t\t\t<\/div>\n\t\t<\/div>\n\t\t\t\t<div class=\"elementor-column elementor-col-50 elementor-inner-column elementor-element elementor-element-6605aba\" data-id=\"6605aba\" data-element_type=\"column\" data-e-type=\"column\">\n\t\t\t<div class=\"elementor-widget-wrap elementor-element-populated\">\n\t\t\t\t\t\t<div class=\"elementor-element elementor-element-ec28b74 elementor-widget elementor-widget-text-editor\" data-id=\"ec28b74\" data-element_type=\"widget\" data-e-type=\"widget\" data-widget_type=\"text-editor.default\">\n\t\t\t\t<div class=\"elementor-widget-container\">\n\t\t\t\t\t\t\t\t\t<p class=\"cvGsUA direction-ltr align-start para-style-body\"><span class=\"a_GcMg font-feature-liga-off font-feature-clig-off font-feature-calt-off text-decoration-none text-strikethrough-none\" style=\"color: #000000;\">J\u00e4\u00e4dvustame ilusaid hetki, inimesi ja m\u00f5tteid enda \u00fcmber. Nii neid, mis s\u00fcnnivad inspireerivatest vestlustest, \u00e4gedates v\u00e4ljakutsetest, \u00fchistest reisidest kui ka neid, mis lihtsatest koos naermistest.\u00a0<\/span><\/p><p class=\"cvGsUA direction-ltr align-start para-style-body\"><span class=\"a_GcMg font-feature-liga-off font-feature-clig-off font-feature-calt-off text-decoration-none text-strikethrough-none\" style=\"color: #000000;\">Sotsiaalmeedia on meie jaoks ka ruum, kus algatada t\u00e4henduslikke samme. 2025. aastal sai alguse just meie kanalitest Ringi toetusavaldus \u201cS\u00f5pra tuntakse h\u00e4das!\u201d, mis t\u00f5i kokku nii palju olulisi heategijaid.\u00a0<\/span><\/p><p class=\"cvGsUA direction-ltr align-start para-style-body\"><span class=\"a_GcMg font-feature-liga-off font-feature-clig-off font-feature-calt-off text-decoration-none text-strikethrough-none\" style=\"color: #000000;\">Hellitavalt kutsume end &#8220;propaganda grupiks&#8221;, ent hoiame vastutustundlikult selle teadliku, siira ja v\u00e4\u00e4rtusp\u00f5hisena.\u00a0<\/span><\/p>\t\t\t\t\t\t\t\t<\/div>\n\t\t\t\t<\/div>\n\t\t\t\t\t<\/div>\n\t\t<\/div>\n\t\t\t\t\t<\/div>\n\t\t<\/section>\n\t\t\t\t\t<\/div>\n\t\t<\/div>\n\t\t\t\t\t<\/div>\n\t\t<\/section>\n\t\t\t\t<section class=\"elementor-section elementor-top-section elementor-element elementor-element-07b96f0 elementor-section-boxed elementor-section-height-default elementor-section-height-default\" data-id=\"07b96f0\" data-element_type=\"section\" data-e-type=\"section\">\n\t\t\t\t\t\t<div class=\"elementor-container elementor-column-gap-default\">\n\t\t\t\t\t<div class=\"elementor-column elementor-col-100 elementor-top-column elementor-element elementor-element-663a090\" data-id=\"663a090\" data-element_type=\"column\" data-e-type=\"column\">\n\t\t\t<div class=\"elementor-widget-wrap elementor-element-populated\">\n\t\t\t\t\t\t<div class=\"elementor-element elementor-element-c478650 elementor-widget elementor-widget-spacer\" data-id=\"c478650\" data-element_type=\"widget\" data-e-type=\"widget\" data-widget_type=\"spacer.default\">\n\t\t\t\t<div class=\"elementor-widget-container\">\n\t\t\t\t\t\t\t<div class=\"elementor-spacer\">\n\t\t\t<div class=\"elementor-spacer-inner\"><\/div>\n\t\t<\/div>\n\t\t\t\t\t\t<\/div>\n\t\t\t\t<\/div>\n\t\t\t\t\t<\/div>\n\t\t<\/div>\n\t\t\t\t\t<\/div>\n\t\t<\/section>\n\t\t\t\t<\/div>","protected":false},"excerpt":{"rendered":"<p>Turundus Turunduse ja sotsiaalmeedia t\u00f6\u00f6grupp on justkui vahel\u00fcli, mis k\u00f5ik teised t\u00f6\u00f6grupid \u00fcksteisega kokku p\u00f5imib. Meie hoole all on Ringi Instagram, Facebook ja LinkedIn, mille kaudu j\u00f5uavad laiema auditooriumini artiklid ajakirjanduse t\u00f6\u00f6grupilt, tsitaadid Ringjoone podcastidest, tarkuseterad RSR Kooli k\u00fclastustest, v\u00e4ljav\u00f5tted loengutest ja p\u00f5nevad m\u00f5tted m\u00e4lum\u00e4ngudest ja Arvamusfestivalilt. Ikka selleks, et teadvus rahvusvahelistest suhetest kasvaks nii [&hellip;]<\/p>\n","protected":false},"author":3,"featured_media":0,"parent":0,"menu_order":0,"comment_status":"closed","ping_status":"closed","template":"","meta":{"site-sidebar-layout":"no-sidebar","site-content-layout":"page-builder","ast-site-content-layout":"full-width-container","site-content-style":"default","site-sidebar-style":"default","ast-global-header-display":"","ast-banner-title-visibility":"","ast-main-header-display":"","ast-hfb-above-header-display":"","ast-hfb-below-header-display":"","ast-hfb-mobile-header-display":"","site-post-title":"disabled","ast-breadcrumbs-content":"","ast-featured-img":"disabled","footer-sml-layout":"","theme-transparent-header-meta":"","adv-header-id-meta":"","stick-header-meta":"","header-above-stick-meta":"","header-main-stick-meta":"","header-below-stick-meta":"","astra-migrate-meta-layouts":"set","ast-page-background-enabled":"default","ast-page-background-meta":{"desktop":{"background-color":"","background-image":"","background-repeat":"repeat","background-position":"center center","background-size":"auto","background-attachment":"scroll","background-type":"","background-media":"","overlay-type":"","overlay-color":"","overlay-opacity":"","overlay-gradient":""},"tablet":{"background-color":"","background-image":"","background-repeat":"repeat","background-position":"center center","background-size":"auto","background-attachment":"scroll","background-type":"","background-media":"","overlay-type":"","overlay-color":"","overlay-opacity":"","overlay-gradient":""},"mobile":{"background-color":"","background-image":"","background-repeat":"repeat","background-position":"center center","background-size":"auto","background-attachment":"scroll","background-type":"","background-media":"","overlay-type":"","overlay-color":"","overlay-opacity":"","overlay-gradient":""}},"ast-content-background-meta":{"desktop":{"background-color":"var(--ast-global-color-5)","background-image":"","background-repeat":"repeat","background-position":"center center","background-size":"auto","background-attachment":"scroll","background-type":"","background-media":"","overlay-type":"","overlay-color":"","overlay-opacity":"","overlay-gradient":""},"tablet":{"background-color":"var(--ast-global-color-5)","background-image":"","background-repeat":"repeat","background-position":"center center","background-size":"auto","background-attachment":"scroll","background-type":"","background-media":"","overlay-type":"","overlay-color":"","overlay-opacity":"","overlay-gradient":""},"mobile":{"background-color":"var(--ast-global-color-5)","background-image":"","background-repeat":"repeat","background-position":"center center","background-size":"auto","background-attachment":"scroll","background-type":"","background-media":"","overlay-type":"","overlay-color":"","overlay-opacity":"","overlay-gradient":""}},"footnotes":""},"class_list":["post-15055","page","type-page","status-publish","hentry"],"_links":{"self":[{"href":"https:\/\/rsr.ut.ee\/en\/wp-json\/wp\/v2\/pages\/15055","targetHints":{"allow":["GET"]}}],"collection":[{"href":"https:\/\/rsr.ut.ee\/en\/wp-json\/wp\/v2\/pages"}],"about":[{"href":"https:\/\/rsr.ut.ee\/en\/wp-json\/wp\/v2\/types\/page"}],"author":[{"embeddable":true,"href":"https:\/\/rsr.ut.ee\/en\/wp-json\/wp\/v2\/users\/3"}],"replies":[{"embeddable":true,"href":"https:\/\/rsr.ut.ee\/en\/wp-json\/wp\/v2\/comments?post=15055"}],"version-history":[{"count":7,"href":"https:\/\/rsr.ut.ee\/en\/wp-json\/wp\/v2\/pages\/15055\/revisions"}],"predecessor-version":[{"id":15153,"href":"https:\/\/rsr.ut.ee\/en\/wp-json\/wp\/v2\/pages\/15055\/revisions\/15153"}],"wp:attachment":[{"href":"https:\/\/rsr.ut.ee\/en\/wp-json\/wp\/v2\/media?parent=15055"}],"curies":[{"name":"wp","href":"https:\/\/api.w.org\/{rel}","templated":true}]}}